{"id":254,"date":"2014-12-10T07:17:49","date_gmt":"2014-12-10T07:17:49","guid":{"rendered":"http:\/\/anpsthemes.com\/constructo\/?page_id=254"},"modified":"2024-05-09T19:19:43","modified_gmt":"2024-05-09T16:19:43","slug":"construction","status":"publish","type":"page","link":"https:\/\/bfe.com.tr\/?page_id=254","title":{"rendered":"Dan\u0131\u015fmanl\u0131k"},"content":{"rendered":"<p>[vc_row css=&#8221;.vc_custom_1418308873677{padding-top: 10px !important;}&#8221; has_content=&#8221;true&#8221;][vc_column width=&#8221;1\/2&#8243;][vc_empty_space][vc_single_image image=&#8221;935&#8243; img_size=&#8221;full&#8221;][\/vc_column][vc_column width=&#8221;1\/2&#8243;]<h5 class='heading-content  style-1' ><span>Dan\u0131\u015fmanl\u0131k<\/span><\/h5>[vc_empty_space height=&#8221;20px&#8221;][vc_column_text]<\/p>\n<div class=\"FFpbKc\">\n<div>BFE Consulting kurumsal kaynak planlama, tedarik zinciri y\u00f6netimi, i\u015f s\u00fcre\u00e7leri y\u00f6netimi, S\/4 Hana, Mobil \u00c7\u00f6z\u00fcmler ve bulut tabanl\u0131 SAP \u00e7\u00f6z\u00fcmleri konular\u0131nda uygulama dan\u0131\u015fmanl\u0131\u011f\u0131 hizmeti sunmaktad\u0131r.<\/div>\n<\/div>\n<div><\/div>\n<div><\/div>\n<p>[\/vc_column_text][vc_row_inner][vc_column_inner][vc_column_text][\/vc_column_text][\/vc_column_inner][\/vc_row_inner]<a target=\"_self\" href=\"https:\/\/bfe.com.tr\/?page_id=256\" class=\"btn  btn-sm style-1\" id=\"custom-id-0\" style=\"\"><span class='fa fa-angle-double-right'><\/span>Proje Teslimi<\/a>[\/vc_column][\/vc_row][vc_row][vc_column]<h5 class='heading-content  style-1' ><span><\/span><\/h5>[vc_empty_space height=&#8221;20px&#8221;][\/vc_column][\/vc_row]<\/p>","protected":false},"excerpt":{"rendered":"<p>[vc_row css=&#8221;.vc_custom_1418308873677{padding-top: 10px !important;}&#8221; has_content=&#8221;true&#8221;][vc_column width=&#8221;1\/2&#8243;][vc_empty_space][vc_single_image image=&#8221;935&#8243; img_size=&#8221;full&#8221;][\/vc_column][vc_column width=&#8221;1\/2&#8243;][vc_empty_space height=&#8221;20px&#8221;][vc_column_text] BFE Consulting kurumsal kaynak planlama, tedarik zinciri y\u00f6netimi, i\u015f s\u00fcre\u00e7leri y\u00f6netimi, S\/4 Hana, Mobil \u00c7\u00f6z\u00fcmler ve bulut tabanl\u0131 SAP \u00e7\u00f6z\u00fcmleri konular\u0131nda uygulama dan\u0131\u015fmanl\u0131\u011f\u0131 hizmeti sunmaktad\u0131r. [\/vc_column_text][vc_row_inner][vc_column_inner][vc_column_text][\/vc_column_text][\/vc_column_inner][\/vc_row_inner][\/vc_column][\/vc_row][vc_row][vc_column][vc_empty_space height=&#8221;20px&#8221;][\/vc_column][\/vc_row]<\/p>\n","protected":false},"author":1,"featured_media":0,"parent":0,"menu_order":0,"comment_status":"open","ping_status":"open","template":"","meta":{"footnotes":""},"class_list":["post-254","page","type-page","status-publish","hentry"],"_links":{"self":[{"href":"https:\/\/bfe.com.tr\/index.php?rest_route=\/wp\/v2\/pages\/254","targetHints":{"allow":["GET"]}}],"collection":[{"href":"https:\/\/bfe.com.tr\/index.php?rest_route=\/wp\/v2\/pages"}],"about":[{"href":"https:\/\/bfe.com.tr\/index.php?rest_route=\/wp\/v2\/types\/page"}],"author":[{"embeddable":true,"href":"https:\/\/bfe.com.tr\/index.php?rest_route=\/wp\/v2\/users\/1"}],"replies":[{"embeddable":true,"href":"https:\/\/bfe.com.tr\/index.php?rest_route=%2Fwp%2Fv2%2Fcomments&post=254"}],"version-history":[{"count":22,"href":"https:\/\/bfe.com.tr\/index.php?rest_route=\/wp\/v2\/pages\/254\/revisions"}],"predecessor-version":[{"id":1604,"href":"https:\/\/bfe.com.tr\/index.php?rest_route=\/wp\/v2\/pages\/254\/revisions\/1604"}],"wp:attachment":[{"href":"https:\/\/bfe.com.tr\/index.php?rest_route=%2Fwp%2Fv2%2Fmedia&parent=254"}],"curies":[{"name":"wp","href":"https:\/\/api.w.org\/{rel}","templated":true}]}}